{"id":2482,"date":"2021-03-02T20:58:27","date_gmt":"2021-03-02T20:58:27","guid":{"rendered":"http:\/\/avionicausa.com\/?page_id=2482"},"modified":"2021-03-02T20:58:59","modified_gmt":"2021-03-02T20:58:59","slug":"politicas-de-privacidad","status":"publish","type":"page","link":"https:\/\/avionicausa.com\/es\/politicas-de-privacidad\/","title":{"rendered":"Pol\u00edticas de Privacidad"},"content":{"rendered":"<section class=\"l-section wpb_row height_medium\"><div class=\"l-section-h i-cf\"><div class=\"g-cols vc_row type_default valign_top\"><div class=\"vc_col-sm-12 wpb_column vc_column_container\"><div class=\"vc_column-inner\"><div class=\"wpb_wrapper\">\r\n\t<div class=\"wpb_text_column \">\r\n\t\t<div class=\"wpb_wrapper\">\r\n\t\t\t<h3><strong>\u00bfQu\u00e9 informaci\u00f3n recopila Avionica USA y c\u00f3mo se usa?<\/strong><\/h3>\n<p><strong>General<\/strong><br \/>\nLa informaci\u00f3n que los clientes proporcionan a Avionica USA se utiliza. Permitir a nuestros clientes comprar nuestros productos en l\u00ednea. Brindar a nuestros clientes contenido personalizado en el sitio web adaptado a los intereses particulares de cada cliente individual. Para mejorar continuamente la comodidad y la funcionalidad de nuestro sitio web. Para an\u00e1lisis de mercado y otros fines internos. Proporcionar a nuestros clientes promociones a trav\u00e9s de Avionica USA, sus socios y las tiendas Avionica USA locales.<\/p>\n<p><strong>Cuenta \u201cAvionica USA\u201d<\/strong><br \/>\nCuando configure la cuenta \u201cAvionica USA\u201d se le pedir\u00e1 que brinde su direcci\u00f3n de correo electr\u00f3nico y una contrase\u00f1a, y que brinde informaci\u00f3n sobre su veh\u00edculo. La informaci\u00f3n que proporcione en su cuenta \u201cAvionica USA\u201d le permite a Avionica USA personalizar las b\u00fasquedas y facilitar el proceso de pedido. Durante el registro de la cuenta\u201dAvionica USA\u201d, Avionica USA le pedir\u00e1 su nombre, direcci\u00f3n, direcci\u00f3n de correo electr\u00f3nico y otra informaci\u00f3n personal, incluyendo datos sobre su autom\u00f3vil. Cuanta m\u00e1s informaci\u00f3n proporcione voluntariamente (y cuanto m\u00e1s precisa sea), mejor Avionica USA podr\u00e1 personalizar su experiencia.<\/p>\n<p><strong>Ordenando<\/strong><br \/>\nNuestro sitio web utiliza un carrito de compras y formularios de correo electr\u00f3nico para que los clientes soliciten informaci\u00f3n, productos y servicios. Podemos recopilar informaci\u00f3n de contacto de los clientes (como direcciones de correo electr\u00f3nico) e informaci\u00f3n financiera (como informaci\u00f3n de la cuenta o de la tarjeta de cr\u00e9dito). Esta informaci\u00f3n nos permite procesar y cumplir los pedidos de nuestros clientes y notificar a nuestros clientes sobre el estado de sus pedidos. Cuando proporciona informaci\u00f3n de la tarjeta de cr\u00e9dito en nuestro formulario en l\u00ednea, est\u00e1 conectado a un servidor seguro, que encripta la informaci\u00f3n de la tarjeta de cr\u00e9dito a trav\u00e9s de Internet.<\/p>\n<p><strong>Encuestas y Promociones<\/strong><br \/>\nOcasionalmente, podemos solicitar informaci\u00f3n a los usuarios a trav\u00e9s de encuestas o concursos. La participaci\u00f3n en estas encuestas o concursos es completamente voluntaria y, por lo tanto, el usuario tiene la opci\u00f3n de revelar o no esta informaci\u00f3n. La informaci\u00f3n solicitada puede incluir informaci\u00f3n de contacto (como nombre y direcci\u00f3n de env\u00edo) e informaci\u00f3n demogr\u00e1fica (como c\u00f3digo postal, edad y \/ o rango de ingresos). La informaci\u00f3n de contacto se utilizar\u00e1 para notificar a los ganadores y otorgar premios.<\/p>\n<p>La informaci\u00f3n de la encuesta se usar\u00e1 para monitorear o mejorar el uso y la satisfacci\u00f3n de este sitio. Tambi\u00e9n podemos utilizar esta informaci\u00f3n para personalizar la experiencia del cliente en nuestro sitio, mostr\u00e1ndole contenido que creemos que podr\u00eda interesarle y mostrar el contenido de acuerdo con sus preferencias.<\/p>\n<p>Adem\u00e1s, esta informaci\u00f3n puede ser utilizada internamente por Avionica USA para an\u00e1lisis de mercado y otros prop\u00f3sitos.<\/p>\n<p><strong>Informaci\u00f3n financiera<\/strong><br \/>\nLa informaci\u00f3n financiera que se recopila solo se utiliza para facturar al usuario los productos y servicios solicitados en Avionica USA y por ning\u00fan otro motivo. Avionica USA no almacena informaci\u00f3n de tarjetas de cr\u00e9dito en sus servidores o sistemas.<\/p>\n<p><strong>Listas de correo<\/strong><br \/>\nLa informaci\u00f3n de contacto del formulario de registro de \u201cAvionica USA\u201d, formularios de pedido, formularios de concurso y otras fuentes tambi\u00e9n se utiliza para enviar materiales promocionales a nuestros clientes. Adem\u00e1s, la informaci\u00f3n de contacto del cliente puede ser compartida con socios seleccionados de Avionica USA que deseen contactar a nuestros visitantes. Los usuarios pueden optar por no recibir futuras actualizaciones marcando la casilla correspondiente al abrir o modificar su cuenta \u201cAvionica USA\u201d.<\/p>\n<p><strong>\u00bfC\u00f3mo protege Avionica USA la informaci\u00f3n que recopila?<\/strong><\/p>\n<p><strong>Contrase\u00f1as<\/strong><br \/>\nPara brindarle un mayor nivel de seguridad, el acceso a su informaci\u00f3n personal est\u00e1 protegido con una contrase\u00f1a, que usted selecciona. Le recomendamos encarecidamente que no revele su contrase\u00f1a a nadie.<br \/>\nRegistro e informaci\u00f3n financiera<br \/>\nToda la informaci\u00f3n personal que proporcione a Avionica USA, incluidos los nombres, direcciones, informaci\u00f3n de contacto y de la tarjeta de cr\u00e9dito, se almacena en una base de datos segura. Utilizamos las mejores pr\u00e1cticas de la industria para garantizar que sus datos sean seguros.<\/p>\n<p><strong>Servidor seguro<\/strong><br \/>\nCuando realice pedidos a trav\u00e9s de nuestro sitio web, transmitir\u00e1 la informaci\u00f3n de su pedido, incluido su n\u00famero de tarjeta de cr\u00e9dito, a nuestro servidor seguro. Nuestro servidor seguro utiliza el software Secure Socket Layer (SSL), que nos permite recibir informaci\u00f3n que su navegador web encripta antes de transmitirnos. Dado que cualquier informaci\u00f3n de pedido que proporciones a Avionica USA se transmitir\u00e1 mediante una conexi\u00f3n segura, los clientes con navegadores web que no puedan soportar este nivel de seguridad no podr\u00e1n pedir productos a trav\u00e9s de Avionica USA.<\/p>\n<p>Visualizaci\u00f3n de la informaci\u00f3n de la tarjeta de cr\u00e9dito<br \/>\nAvionica USA nunca mostrar\u00e1 m\u00e1s de cinco d\u00edgitos del n\u00famero de su tarjeta de cr\u00e9dito en la pantalla o en las facturas para su protecci\u00f3n. La informaci\u00f3n de la encuesta se usar\u00e1 para fines de monitoreo o mejora del uso.<\/p>\n\r\n\t\t<\/div>\r\n\t<\/div>\r\n<\/div><\/div><\/div><\/div><\/div><\/section>\n","protected":false},"excerpt":{"rendered":"\u00bfQu\u00e9 informaci\u00f3n recopila Avionica USA y c\u00f3mo se usa? General La informaci\u00f3n que los clientes proporcionan a Avionica USA se utiliza. Permitir a nuestros clientes comprar nuestros productos en l\u00ednea. Brindar a nuestros clientes contenido personalizado en el sitio web adaptado a los intereses particulares de cada cliente individual. Para mejorar continuamente la comodidad y...","protected":false},"author":1,"featured_media":0,"parent":0,"menu_order":0,"comment_status":"closed","ping_status":"closed","template":"","meta":[],"aioseo_notices":[],"_links":{"self":[{"href":"https:\/\/avionicausa.com\/es\/wp-json\/wp\/v2\/pages\/2482"}],"collection":[{"href":"https:\/\/avionicausa.com\/es\/wp-json\/wp\/v2\/pages"}],"about":[{"href":"https:\/\/avionicausa.com\/es\/wp-json\/wp\/v2\/types\/page"}],"author":[{"embeddable":true,"href":"https:\/\/avionicausa.com\/es\/wp-json\/wp\/v2\/users\/1"}],"replies":[{"embeddable":true,"href":"https:\/\/avionicausa.com\/es\/wp-json\/wp\/v2\/comments?post=2482"}],"version-history":[{"count":2,"href":"https:\/\/avionicausa.com\/es\/wp-json\/wp\/v2\/pages\/2482\/revisions"}],"predecessor-version":[{"id":2484,"href":"https:\/\/avionicausa.com\/es\/wp-json\/wp\/v2\/pages\/2482\/revisions\/2484"}],"wp:attachment":[{"href":"https:\/\/avionicausa.com\/es\/wp-json\/wp\/v2\/media?parent=2482"}],"curies":[{"name":"wp","href":"https:\/\/api.w.org\/{rel}","templated":true}]}}