{"id":1238,"date":"2020-03-30T06:39:41","date_gmt":"2020-03-30T06:39:41","guid":{"rendered":"http:\/\/avionicausa.com\/contac-us\/"},"modified":"2026-03-25T17:47:42","modified_gmt":"2026-03-25T17:47:42","slug":"contac-us","status":"publish","type":"page","link":"https:\/\/avionicausa.com\/es\/contac-us\/","title":{"rendered":"CONT\u00c1CTENOS"},"content":{"rendered":"<section class=\"l-section wpb_row height_medium\" id=\"contacto-1\"><div class=\"l-section-h i-cf\"><div class=\"g-cols vc_row type_default valign_top\"><div class=\"vc_col-sm-12 wpb_column vc_column_container\"><div class=\"vc_column-inner\"><div class=\"wpb_wrapper\"><div id=\"ultimate-heading-280169f1914985f88\" class=\"uvc-heading ult-adjust-bottom-margin ultimate-heading-280169f1914985f88 uvc-7649 \" data-hspacer=\"line_only\"  data-halign=\"left\" style=\"text-align:left\"><div class=\"uvc-main-heading ult-responsive\"  data-ultimate-target='.uvc-heading.ultimate-heading-280169f1914985f88 h1'  data-responsive-json-new='{\"font-size\":\"\",\"line-height\":\"\"}' ><h1 style=\"font-weight:bold;color:#f58b2c;\">CONT\u00c1CTENOS<\/h1><\/div><div class=\"uvc-heading-spacer line_only\" style=\"margin-top:5px;margin-bottom:10px;height:3px;\"><span class=\"uvc-headings-line\" style=\"border-style:solid;border-bottom-width:3px;border-color:#2483d0;width:120px;\"><\/span><\/div><\/div><\/div><\/div><\/div><div class=\"vc_col-sm-4 wpb_column vc_column_container\"><div class=\"vc_column-inner\"><div class=\"wpb_wrapper\"><div class=\"w-socials style_solid hover_fade color_link shape_square align_left\"><div class=\"w-socials-list\" style=\"font-size:20px;margin:-0;\"><div class=\"w-socials-item facebook\" style=\"padding:0;\"><a class=\"w-socials-item-link\" rel=\"noopener nofollow\" target=\"_blank\" href=\"https:\/\/www.facebook.com\/avionicausa\" title=\"Facebook\" aria-label=\"Facebook\"><span class=\"w-socials-item-link-hover\"><\/span><\/a><div class=\"w-socials-item-popup\"><span>Facebook<\/span><\/div><\/div><div class=\"w-socials-item instagram\" style=\"padding:0;\"><a class=\"w-socials-item-link\" rel=\"noopener nofollow\" target=\"_blank\" href=\"https:\/\/www.instagram.com\/avionicalife\/\" title=\"Instagram\" aria-label=\"Instagram\"><span class=\"w-socials-item-link-hover\"><\/span><\/a><div class=\"w-socials-item-popup\"><span>Instagram<\/span><\/div><\/div><div class=\"w-socials-item linkedin\" style=\"padding:0;\"><a class=\"w-socials-item-link\" rel=\"noopener nofollow\" target=\"_blank\" href=\"http:\/\/linkedin.com\/in\/avionica-usa-520269153\" title=\"LinkedIn\" aria-label=\"LinkedIn\"><span class=\"w-socials-item-link-hover\"><\/span><\/a><div class=\"w-socials-item-popup\"><span>LinkedIn<\/span><\/div><\/div><div class=\"w-socials-item youtube\" style=\"padding:0;\"><a class=\"w-socials-item-link\" rel=\"noopener nofollow\" target=\"_blank\" href=\"https:\/\/www.youtube.com\/channel\/UC1hWSjrM6TYMo5w7T_YLOIQ\" title=\"YouTube\" aria-label=\"YouTube\"><span class=\"w-socials-item-link-hover\"><\/span><\/a><div class=\"w-socials-item-popup\"><span>YouTube<\/span><\/div><\/div><\/div><\/div><div class=\"ult-spacer spacer-69f1914986618\" data-id=\"69f1914986618\" data-height=\"20\" data-height-mobile=\"20\" data-height-tab=\"\" data-height-tab-portrait=\"\" data-height-mobile-landscape=\"\" style=\"clear:both;display:block;\"><\/div><div class=\"aio-icon-component    style_1\"><a class=\"aio-icon-box-link\" href=\"tel:(321) 424-5664\" ><div id=\"Info-box-wrap-9609\" class=\"aio-icon-box left-icon\" style=\"\"  ><div class=\"aio-icon-left\"><div class=\"ult-just-icon-wrapper  \"><div class=\"align-icon\" style=\"text-align:center;\">\n<div class=\"aio-icon advanced \"  style=\"color:#2483d0;border-style:solid;border-color:#2483d0;border-width:2px;width:60px;height:60px;line-height:60px;border-radius:500px;font-size:40px;display:inline-block;\">\n\t<i class=\"Defaults-phone\"><\/i>\n<\/div><\/div><\/div><\/div><div class=\"aio-ibd-block\"><div class=\"aio-icon-header\" ><h3 class=\"aio-icon-title ult-responsive\"  data-ultimate-target='#Info-box-wrap-9609 .aio-icon-title'  data-responsive-json-new='{\"font-size\":\"\",\"line-height\":\"\"}'  style=\"font-weight:bold;\">N\u00daMERO DE TEL\u00c9FONO<\/h3><\/div> <!-- header --><div class=\"aio-icon-description ult-responsive\"  data-ultimate-target='#Info-box-wrap-9609 .aio-icon-description'  data-responsive-json-new='{\"font-size\":\"\",\"line-height\":\"\"}'  style=\"\">Avionica USA, (321) 424-5664<\/div> <!-- description --><\/div> <!-- aio-ibd-block --><\/div> <!-- aio-icon-box --><\/a><\/div> <!-- aio-icon-component --><div class=\"aio-icon-component    style_1\"><a class=\"aio-icon-box-link\" ><div id=\"Info-box-wrap-6304\" class=\"aio-icon-box left-icon\" style=\"\"  ><div class=\"aio-icon-left\"><div class=\"ult-just-icon-wrapper  \"><div class=\"align-icon\" style=\"text-align:center;\">\n<div class=\"aio-icon advanced \"  style=\"color:#2483d0;border-style:solid;border-color:#2483d0;border-width:2px;width:60px;height:60px;line-height:60px;border-radius:500px;font-size:40px;display:inline-block;\">\n\t<i class=\"Defaults-calendar\"><\/i>\n<\/div><\/div><\/div><\/div><div class=\"aio-ibd-block\"><div class=\"aio-icon-header\" ><h3 class=\"aio-icon-title ult-responsive\"  data-ultimate-target='#Info-box-wrap-6304 .aio-icon-title'  data-responsive-json-new='{\"font-size\":\"\",\"line-height\":\"\"}'  style=\"font-weight:bold;\">HORAS DE OFICINA<\/h3><\/div> <!-- header --><div class=\"aio-icon-description ult-responsive\"  data-ultimate-target='#Info-box-wrap-6304 .aio-icon-description'  data-responsive-json-new='{\"font-size\":\"\",\"line-height\":\"\"}'  style=\"\">Avionica USA, Lunes \u2013 Viernes<br \/>\n9:00 AM \u2013 5:00 PM EST<\/div> <!-- description --><\/div> <!-- aio-ibd-block --><\/div> <!-- aio-icon-box --><\/a><\/div> <!-- aio-icon-component --><div class=\"ult-just-icon-wrapper  \"><div class=\"align-icon\" style=\"text-align:center;\">\n<div class=\"aio-icon-img \" style=\"font-size:320px;display:inline-block;\" >\n\t<img class=\"img-icon\" alt=\"null\" src=\"https:\/\/avionicausa.com\/wp-content\/uploads\/2026\/03\/avionica.jpeg\"\/>\n<\/div><\/div><\/div><\/div><\/div><\/div><div class=\"vc_col-sm-8 wpb_column vc_column_container\"><div class=\"vc_column-inner\"><div class=\"wpb_wrapper\">\n<div class=\"wpcf7 no-js\" id=\"wpcf7-f1153-o1\" lang=\"en-US\" dir=\"ltr\">\n<div class=\"screen-reader-response\"><p role=\"status\" aria-live=\"polite\" aria-atomic=\"true\"><\/p> <ul><\/ul><\/div>\n<form action=\"\/es\/wp-json\/wp\/v2\/pages\/1238#wpcf7-f1153-o1\" method=\"post\" class=\"wpcf7-form init\" aria-label=\"Contact form\" novalidate=\"novalidate\" data-status=\"init\">\n<div style=\"display: none;\">\n<input type=\"hidden\" name=\"_wpcf7\" value=\"1153\" \/>\n<input type=\"hidden\" name=\"_wpcf7_version\" value=\"5.7.7\" \/>\n<input type=\"hidden\" name=\"_wpcf7_locale\" value=\"en_US\" \/>\n<input type=\"hidden\" name=\"_wpcf7_unit_tag\" value=\"wpcf7-f1153-o1\" \/>\n<input type=\"hidden\" name=\"_wpcf7_container_post\" value=\"0\" \/>\n<input type=\"hidden\" name=\"_wpcf7_posted_data_hash\" value=\"\" \/>\n<input type=\"hidden\" name=\"_wpcf7_recaptcha_response\" value=\"\" \/>\n<\/div>\n<div id=\"responsive-form\" class=\"clearfix\">\n\t<div class=\"form-row\">\n\t\t<div class=\"column-half\">\n\t\t\t<p><span class=\"wpcf7-form-control-wrap\" data-name=\"first-name\"><input size=\"40\" class=\"wpcf7-form-control wpcf7-text wpcf7-validates-as-required\" aria-required=\"true\" aria-invalid=\"false\" placeholder=\"Nombre\" value=\"\" type=\"text\" name=\"first-name\" \/><\/span>\n\t\t\t<\/p>\n\t\t<\/div>\n\t\t<div class=\"column-half\">\n\t\t\t<p><span class=\"wpcf7-form-control-wrap\" data-name=\"last-name\"><input size=\"40\" class=\"wpcf7-form-control wpcf7-text wpcf7-validates-as-required\" aria-required=\"true\" aria-invalid=\"false\" placeholder=\"Apellido\" value=\"\" type=\"text\" name=\"last-name\" \/><\/span>\n\t\t\t<\/p>\n\t\t<\/div>\n\t<\/div>\n\t<div class=\"form-row\">\n\t\t<div class=\"column-half\">\n\t\t\t<p><span class=\"wpcf7-form-control-wrap\" data-name=\"your-email\"><input size=\"40\" class=\"wpcf7-form-control wpcf7-text wpcf7-email wpcf7-validates-as-required wpcf7-validates-as-email\" aria-required=\"true\" aria-invalid=\"false\" placeholder=\"Email\" value=\"\" type=\"email\" name=\"your-email\" \/><\/span>\n\t\t\t<\/p>\n\t\t<\/div>\n\t\t<div class=\"column-half\">\n\t\t\t<p><span class=\"wpcf7-form-control-wrap\" data-name=\"your-phone\"><input size=\"40\" class=\"wpcf7-form-control wpcf7-text wpcf7-validates-as-required\" aria-required=\"true\" aria-invalid=\"false\" placeholder=\"Tel\u00e9fono\" value=\"\" type=\"text\" name=\"your-phone\" \/><\/span>\n\t\t\t<\/p>\n\t\t<\/div>\n\t<\/div>\n\t<div class=\"form-row\">\n\t\t<div class=\"column-full\">\n\t\t\t<p class=\"howdid\">\u00bfC\u00f3mo se enter\u00f3 de Avionica USA?\n\t\t\t<\/p>\n\t\t\t<p><span class=\"wpcf7-form-control-wrap\" data-name=\"menu-aboutus\"><select class=\"wpcf7-form-control wpcf7-select wpcf7-validates-as-required\" aria-required=\"true\" aria-invalid=\"false\" name=\"menu-aboutus\"><option value=\"Craigslist\">Craigslist<\/option><option value=\"Facebook\">Facebook<\/option><option value=\"Radio\">Radio<\/option><option value=\"Google\">Google<\/option><option value=\"Instagram\">Instagram<\/option><option value=\"Linkedin\">Linkedin<\/option><option value=\"Youtube\">Youtube<\/option><option value=\"Events\">Events<\/option><\/select><\/span>\n\t\t\t<\/p>\n\t\t<\/div>\n\t<\/div>\n\t<div class=\"form-row\">\n\t\t<div class=\"column-full\">\n\t\t\t<p><span class=\"wpcf7-form-control-wrap\" data-name=\"your-subject\"><input size=\"40\" class=\"wpcf7-form-control wpcf7-text wpcf7-validates-as-required\" aria-required=\"true\" aria-invalid=\"false\" placeholder=\"Asunto\" value=\"\" type=\"text\" name=\"your-subject\" \/><\/span>\n\t\t\t<\/p>\n\t\t<\/div>\n\t<\/div>\n\t<div class=\"form-row\">\n\t\t<div class=\"column-full\">\n\t\t\t<p><span class=\"wpcf7-form-control-wrap\" data-name=\"your-message\"><textarea cols=\"40\" rows=\"10\" class=\"wpcf7-form-control wpcf7-textarea\" aria-invalid=\"false\" placeholder=\"Mensaje\" name=\"your-message\"><\/textarea><\/span>\n\t\t\t<\/p>\n\t\t<\/div>\n\t<\/div>\n\t<div class=\"form-row\">\n\t\t<div class=\"column-full\">\n\t\t\t<p><input class=\"wpcf7-form-control has-spinner wpcf7-submit\" type=\"submit\" value=\"ENVIAR\" \/>\n\t\t\t<\/p>\n\t\t<\/div>\n\t<\/div>\n<\/div><!--end responsive-form--><div class=\"wpcf7-response-output\" aria-hidden=\"true\"><\/div>\n<\/form>\n<\/div>\n<\/div><\/div><\/div><\/div><\/div><\/section><section class=\"l-section wpb_row height_auto width_full\"><div class=\"l-section-h i-cf\"><div class=\"g-cols vc_row type_default valign_top\"><div class=\"vc_col-sm-12 wpb_column vc_column_container\"><div class=\"vc_column-inner\"><div class=\"wpb_wrapper\"><\/div><\/div><\/div><\/div><\/div><\/section>\n","protected":false},"excerpt":{"rendered":"CONT\u00c1CTENOSFacebookInstagramLinkedInYouTube N\u00daMERO DE TEL\u00c9FONO Avionica USA, (321) 424-5664 HORAS DE OFICINA Avionica USA, Lunes \u2013 Viernes 9:00 AM \u2013 5:00 PM EST \u00bfC\u00f3mo se enter\u00f3 de Avionica USA? CraigslistFacebookRadioGoogleInstagramLinkedinYoutubeEvents","protected":false},"author":1,"featured_media":0,"parent":0,"menu_order":0,"comment_status":"closed","ping_status":"closed","template":"","meta":[],"aioseo_notices":[],"_links":{"self":[{"href":"https:\/\/avionicausa.com\/es\/wp-json\/wp\/v2\/pages\/1238"}],"collection":[{"href":"https:\/\/avionicausa.com\/es\/wp-json\/wp\/v2\/pages"}],"about":[{"href":"https:\/\/avionicausa.com\/es\/wp-json\/wp\/v2\/types\/page"}],"author":[{"embeddable":true,"href":"https:\/\/avionicausa.com\/es\/wp-json\/wp\/v2\/users\/1"}],"replies":[{"embeddable":true,"href":"https:\/\/avionicausa.com\/es\/wp-json\/wp\/v2\/comments?post=1238"}],"version-history":[{"count":5,"href":"https:\/\/avionicausa.com\/es\/wp-json\/wp\/v2\/pages\/1238\/revisions"}],"predecessor-version":[{"id":434741,"href":"https:\/\/avionicausa.com\/es\/wp-json\/wp\/v2\/pages\/1238\/revisions\/434741"}],"wp:attachment":[{"href":"https:\/\/avionicausa.com\/es\/wp-json\/wp\/v2\/media?parent=1238"}],"curies":[{"name":"wp","href":"https:\/\/api.w.org\/{rel}","templated":true}]}}