{"id":1235,"date":"2020-05-19T03:51:54","date_gmt":"2020-05-19T03:51:54","guid":{"rendered":"http:\/\/avionicausa.com\/?page_id=1235"},"modified":"2022-01-27T22:55:25","modified_gmt":"2022-01-27T22:55:25","slug":"payment","status":"publish","type":"page","link":"https:\/\/avionicausa.com\/es\/payment\/","title":{"rendered":"PAGO"},"content":{"rendered":"<section class=\"l-section wpb_row height_medium\"><div class=\"l-section-h i-cf\"><div class=\"g-cols vc_row type_default valign_top\"><div class=\"vc_col-sm-12 vc_col-lg-offset-1 vc_col-md-10 wpb_column vc_column_container\"><div class=\"vc_column-inner\"><div class=\"wpb_wrapper\">\n<div class=\"wpcf7 no-js\" id=\"wpcf7-f1155-o1\" lang=\"en-US\" dir=\"ltr\">\n<div class=\"screen-reader-response\"><p role=\"status\" aria-live=\"polite\" aria-atomic=\"true\"><\/p> <ul><\/ul><\/div>\n<form action=\"\/es\/wp-json\/wp\/v2\/pages\/1235#wpcf7-f1155-o1\" method=\"post\" class=\"wpcf7-form init\" aria-label=\"Contact form\" novalidate=\"novalidate\" data-status=\"init\">\n<div style=\"display: none;\">\n<input type=\"hidden\" name=\"_wpcf7\" value=\"1155\" \/>\n<input type=\"hidden\" name=\"_wpcf7_version\" value=\"5.7.7\" \/>\n<input type=\"hidden\" name=\"_wpcf7_locale\" value=\"en_US\" \/>\n<input type=\"hidden\" name=\"_wpcf7_unit_tag\" value=\"wpcf7-f1155-o1\" \/>\n<input type=\"hidden\" name=\"_wpcf7_container_post\" value=\"0\" \/>\n<input type=\"hidden\" name=\"_wpcf7_posted_data_hash\" value=\"\" \/>\n<input type=\"hidden\" name=\"_wpcf7_recaptcha_response\" value=\"\" \/>\n<\/div>\n<div id=\"responsive-form\" class=\"clearfix\">\n\t<div class=\"form-row\">\n\t\t<div class=\"column-cuatro\">\n\t\t\t<p><span class=\"wpcf7-form-control-wrap\" data-name=\"first-name\"><input size=\"40\" class=\"wpcf7-form-control wpcf7-text wpcf7-validates-as-required\" aria-required=\"true\" aria-invalid=\"false\" placeholder=\"Nombre\" value=\"\" type=\"text\" name=\"first-name\" \/><\/span>\n\t\t\t<\/p>\n\t\t<\/div>\n\t\t<div class=\"column-cuatro\">\n\t\t\t<p><span class=\"wpcf7-form-control-wrap\" data-name=\"tel-phone\"><input size=\"40\" class=\"wpcf7-form-control wpcf7-text wpcf7-tel wpcf7-validates-as-tel\" aria-invalid=\"false\" placeholder=\"Tel\u00e9fono\" value=\"\" type=\"tel\" name=\"tel-phone\" \/><\/span>\n\t\t\t<\/p>\n\t\t<\/div>\n\t\t<div class=\"column-cuatro\">\n\t\t\t<p><span class=\"wpcf7-form-control-wrap\" data-name=\"email-email\"><input size=\"40\" class=\"wpcf7-form-control wpcf7-text wpcf7-email wpcf7-validates-as-email\" aria-invalid=\"false\" placeholder=\"Email\" value=\"\" type=\"email\" name=\"email-email\" \/><\/span>\n\t\t\t<\/p>\n\t\t<\/div>\n\t\t<div class=\"column-cuatro\">\n\t\t\t<p><span class=\"wpcf7-form-control-wrap\" data-name=\"number-age\"><input class=\"wpcf7-form-control wpcf7-number wpcf7-validates-as-number\" aria-invalid=\"false\" placeholder=\"Edad\" value=\"\" type=\"number\" name=\"number-age\" \/><\/span>\n\t\t\t<\/p>\n\t\t<\/div>\n\t<\/div>\n\t<div class=\"form-row\">\n\t\t<div class=\"column-full\">\n\t\t\t<p><span class=\"wpcf7-form-control-wrap\" data-name=\"first-address\"><input size=\"40\" class=\"wpcf7-form-control wpcf7-text wpcf7-validates-as-required\" aria-required=\"true\" aria-invalid=\"false\" placeholder=\"Direcci\u00f3n\" value=\"\" type=\"text\" name=\"first-address\" \/><\/span>\n\t\t\t<\/p>\n\t\t<\/div>\n\t<\/div>\n\t<h2 style=\"text-align: center;\"><span class=\"wpcf7-form-control-wrap\" data-name=\"radio-980\"><span class=\"wpcf7-form-control wpcf7-radio\"><span class=\"wpcf7-list-item first\"><input type=\"radio\" name=\"radio-980\" value=\"Kissimmee\" checked=\"checked\" \/><span class=\"wpcf7-list-item-label\">Kissimmee<\/span><\/span><span class=\"wpcf7-list-item last\"><input type=\"radio\" name=\"radio-980\" value=\"Fort Lauderdale\" \/><span class=\"wpcf7-list-item-label\">Fort Lauderdale<\/span><\/span><\/span><\/span>\n\t<\/h2>\n\t<div class=\"form-row\">\n\t\t<div class=\"column-half radios\">\n\t\t\t<p><strong>Lunes y mi\u00e9rcoles<\/strong><br \/>\n<span class=\"wpcf7-form-control-wrap\" data-name=\"radio-981\"><span class=\"wpcf7-form-control wpcf7-radio\"><span class=\"wpcf7-list-item first\"><input type=\"radio\" name=\"radio-981\" value=\"9am-12pm\" checked=\"checked\" \/><span class=\"wpcf7-list-item-label\">9am-12pm<\/span><\/span><span class=\"wpcf7-list-item last\"><input type=\"radio\" name=\"radio-981\" value=\"6pm-9pm\" \/><span class=\"wpcf7-list-item-label\">6pm-9pm<\/span><\/span><\/span><\/span>\n\t\t\t<\/p>\n\t\t<\/div>\n\t\t<div class=\"column-half radios\">\n\t\t\t<p><strong>Martes y Jueves<\/strong><br \/>\n<span class=\"wpcf7-form-control-wrap\" data-name=\"radio-981\"><span class=\"wpcf7-form-control wpcf7-radio\"><span class=\"wpcf7-list-item first\"><input type=\"radio\" name=\"radio-981\" value=\"9am-12pm\" checked=\"checked\" \/><span class=\"wpcf7-list-item-label\">9am-12pm<\/span><\/span><span class=\"wpcf7-list-item last\"><input type=\"radio\" name=\"radio-981\" value=\"6pm-9pm\" \/><span class=\"wpcf7-list-item-label\">6pm-9pm<\/span><\/span><\/span><\/span>\n\t\t\t<\/p>\n\t\t<\/div>\n\t<\/div>\n\t<div class=\"form-row\">\n\t\t<div class=\"column-half radios\">\n\t\t\t<p><strong>S\u00e1bado<\/strong><br \/>\n<span class=\"wpcf7-form-control-wrap\" data-name=\"radio-981\"><span class=\"wpcf7-form-control wpcf7-radio\"><span class=\"wpcf7-list-item first last\"><input type=\"radio\" name=\"radio-981\" value=\"9am\u20134pm\" checked=\"checked\" \/><span class=\"wpcf7-list-item-label\">9am\u20134pm<\/span><\/span><\/span><\/span>\n\t\t\t<\/p>\n\t\t<\/div>\n\t\t<div class=\"column-half radios\">\n\t\t\t<p><strong>Curso Intensivo Lunes \u2013 Viernes<\/strong><br \/>\n<span class=\"wpcf7-form-control-wrap\" data-name=\"radio-981\"><span class=\"wpcf7-form-control wpcf7-radio\"><span class=\"wpcf7-list-item first last\"><input type=\"radio\" name=\"radio-981\" value=\"8am-5pm\" checked=\"checked\" \/><span class=\"wpcf7-list-item-label\">8am-5pm<\/span><\/span><\/span><\/span>\n\t\t\t<\/p>\n\t\t<\/div>\n\t<\/div>\n\t<div class=\"form-row\">\n\t\t<div class=\"column-half radios\">\n\t\t\t<p><strong>Lunes y Mi\u00e9rcoles<\/strong><br \/>\n<span class=\"wpcf7-form-control-wrap\" data-name=\"radio-981\"><span class=\"wpcf7-form-control wpcf7-radio\"><span class=\"wpcf7-list-item first\"><input type=\"radio\" name=\"radio-981\" value=\"9am-12pm\" checked=\"checked\" \/><span class=\"wpcf7-list-item-label\">9am-12pm<\/span><\/span><span class=\"wpcf7-list-item last\"><input type=\"radio\" name=\"radio-981\" value=\"6pm-9pm\" \/><span class=\"wpcf7-list-item-label\">6pm-9pm<\/span><\/span><\/span><\/span>\n\t\t\t<\/p>\n\t\t<\/div>\n\t\t<div class=\"column-half radios\">\n\t\t\t<p><strong>Martes y Jueves<\/strong><br \/>\n<span class=\"wpcf7-form-control-wrap\" data-name=\"radio-981\"><span class=\"wpcf7-form-control wpcf7-radio\"><span class=\"wpcf7-list-item first\"><input type=\"radio\" name=\"radio-981\" value=\"9am-12pm\" checked=\"checked\" \/><span class=\"wpcf7-list-item-label\">9am-12pm<\/span><\/span><span class=\"wpcf7-list-item last\"><input type=\"radio\" name=\"radio-981\" value=\"6pm-9pm\" \/><span class=\"wpcf7-list-item-label\">6pm-9pm<\/span><\/span><\/span><\/span>\n\t\t\t<\/p>\n\t\t<\/div>\n\t<\/div>\n\t<div class=\"form-row\">\n\t\t<div class=\"column-full radios\">\n\t\t\t<p><strong>S\u00e1bados<\/strong><br \/>\n<span class=\"wpcf7-form-control-wrap\" data-name=\"radio-981\"><span class=\"wpcf7-form-control wpcf7-radio\"><span class=\"wpcf7-list-item first last\"><input type=\"radio\" name=\"radio-981\" value=\"9am\u20134pm\" checked=\"checked\" \/><span class=\"wpcf7-list-item-label\">9am\u20134pm<\/span><\/span><\/span><\/span>\n\t\t\t<\/p>\n\t\t<\/div>\n\t<\/div>\n\t<div class=\"form-row\">\n\t\t<h3 style=\"text-align: center;\">Nos gustar\u00eda saber sobre su experiencia profesional\n\t\t<\/h3>\n\t\t<div class=\"column-half\">\n\t\t\t<p><span class=\"wpcf7-form-control-wrap\" data-name=\"first-Employer\"><input size=\"40\" class=\"wpcf7-form-control wpcf7-text wpcf7-validates-as-required\" aria-required=\"true\" aria-invalid=\"false\" placeholder=\"Empleador\" value=\"\" type=\"text\" name=\"first-Employer\" \/><\/span>\n\t\t\t<\/p>\n\t\t<\/div>\n\t\t<div class=\"column-half\">\n\t\t\t<p><span class=\"wpcf7-form-control-wrap\" data-name=\"first-education\"><input size=\"40\" class=\"wpcf7-form-control wpcf7-text wpcf7-validates-as-required\" aria-required=\"true\" aria-invalid=\"false\" placeholder=\"Nivel educacional\" value=\"\" type=\"text\" name=\"first-education\" \/><\/span>\n\t\t\t<\/p>\n\t\t<\/div>\n\t<\/div>\n\t<div class=\"form-row\">\n\t\t<div class=\"column-half\">\n\t\t\t<p><span class=\"wpcf7-form-control-wrap\" data-name=\"first-licenses\"><input size=\"40\" class=\"wpcf7-form-control wpcf7-text wpcf7-validates-as-required\" aria-required=\"true\" aria-invalid=\"false\" placeholder=\"Licencias Profesionales\" value=\"\" type=\"text\" name=\"first-licenses\" \/><\/span>\n\t\t\t<\/p>\n\t\t<\/div>\n\t\t<div class=\"column-half\">\n\t\t\t<p><span class=\"wpcf7-form-control-wrap\" data-name=\"number-experience\"><input class=\"wpcf7-form-control wpcf7-number wpcf7-validates-as-number\" aria-invalid=\"false\" placeholder=\"Electr\u00f3nica \/ Aviaci\u00f3n Experiencia A\u00f1os.\" value=\"\" type=\"number\" name=\"number-experience\" \/><\/span>\n\t\t\t<\/p>\n\t\t<\/div>\n\t<\/div>\n\t<div class=\"form-row\">\n\t\t<h3 style=\"text-align: center;\">\u00bfC\u00f3mo se enter\u00f3 de Avionica USA?\n\t\t<\/h3>\n\t\t<div class=\"column-full\">\n\t\t\t<p><span class=\"wpcf7-form-control-wrap\" data-name=\"checkbox-336\"><span class=\"wpcf7-form-control wpcf7-checkbox\"><span class=\"wpcf7-list-item first\"><input type=\"checkbox\" name=\"checkbox-336[]\" value=\"Craigslist\" \/><span class=\"wpcf7-list-item-label\">Craigslist<\/span><\/span><span class=\"wpcf7-list-item\"><input type=\"checkbox\" name=\"checkbox-336[]\" value=\"Facebook\" \/><span class=\"wpcf7-list-item-label\">Facebook<\/span><\/span><span class=\"wpcf7-list-item\"><input type=\"checkbox\" name=\"checkbox-336[]\" value=\"Radio\" \/><span class=\"wpcf7-list-item-label\">Radio<\/span><\/span><span class=\"wpcf7-list-item\"><input type=\"checkbox\" name=\"checkbox-336[]\" value=\"Google\" \/><span class=\"wpcf7-list-item-label\">Google<\/span><\/span><span class=\"wpcf7-list-item\"><input type=\"checkbox\" name=\"checkbox-336[]\" value=\"Instagram\" \/><span class=\"wpcf7-list-item-label\">Instagram<\/span><\/span><span class=\"wpcf7-list-item\"><input type=\"checkbox\" name=\"checkbox-336[]\" value=\"Linkedin\" \/><span class=\"wpcf7-list-item-label\">Linkedin<\/span><\/span><span class=\"wpcf7-list-item\"><input type=\"checkbox\" name=\"checkbox-336[]\" value=\"Youtube\" \/><span class=\"wpcf7-list-item-label\">Youtube<\/span><\/span><span class=\"wpcf7-list-item last\"><input type=\"checkbox\" name=\"checkbox-336[]\" value=\"Eventos\" \/><span class=\"wpcf7-list-item-label\">Eventos<\/span><\/span><\/span><\/span>\n\t\t\t<\/p>\n\t\t<\/div>\n\t<\/div>\n\t<div class=\"form-row\">\n\t\t<div class=\"column-full\">\n\t\t\t<p><span class=\"wpcf7-form-control-wrap\" data-name=\"text-other\"><input size=\"40\" class=\"wpcf7-form-control wpcf7-text\" aria-invalid=\"false\" placeholder=\"Otras\" value=\"\" type=\"text\" name=\"text-other\" \/><\/span>\n\t\t\t<\/p>\n\t\t<\/div>\n\t<\/div>\n\t<div class=\"form-row\">\n\t\t<div class=\"column-full\">\n\t\t\t<h3 style=\"text-align: center;\">Acuerdo de acuerdo de pago\n\t\t\t<\/h3>\n\t\t\t<p>El costo total de la capacitaci\u00f3n es de $ 6,500. Esta deuda no es reembolsable despu\u00e9s de 7 d\u00edas (Intensivo despu\u00e9s de 2 d\u00edas) una vez que tanto el nuevo miembro como el Representante de ATAO firman el Acuerdo de acuerdo de pago. Se requiere una tarifa de registro m\u00ednima de $ 2,000.00 antes del primer d\u00eda de capacitaci\u00f3n. El saldo restante estar\u00e1 en incrementos iguales antes del final del entrenamiento. Habr\u00e1 un recargo de $ 35 por cualquier pago realizado 3 d\u00edas despu\u00e9s de las fechas de pago que se detallan a continuaci\u00f3n.\n\t\t\t<\/p>\n\t\t<\/div>\n\t<\/div>\n\t<div class=\"form-row\">\n\t\t<div class=\"column-full\">\n\t\t\t<p><input class=\"wpcf7-form-control has-spinner wpcf7-submit\" type=\"submit\" value=\"ENVIAR\" \/>\n\t\t\t<\/p>\n\t\t<\/div>\n\t<\/div>\n<\/div><!--end responsive-form--><div class=\"wpcf7-response-output\" aria-hidden=\"true\"><\/div>\n<\/form>\n<\/div>\n\r\n\t<div class=\"wpb_text_column \">\r\n\t\t<div class=\"wpb_wrapper\">\r\n\t\t\t<h5 style=\"text-align: center;\"><strong>Acuerdo de pago<\/strong><\/h5>\n\r\n\t\t<\/div>\r\n\t<\/div>\r\n<div class=\"w-btn-wrapper width_auto align_center\"><a class=\"w-btn us-btn-style_1\" href=\"http:\/\/avionicausa.com\/wp-content\/uploads\/2022\/01\/AVIONICA-PAYMENT-PLAN-PDF-2022-1.pdf\" target=\"_blank\" rel=\"noopener\"><span class=\"w-btn-label\">DESCARGAR<\/span><\/a><\/div><div class=\"ult-spacer spacer-69f1903e85e42\" data-id=\"69f1903e85e42\" data-height=\"20\" data-height-mobile=\"20\" data-height-tab=\"20\" data-height-tab-portrait=\"\" data-height-mobile-landscape=\"\" style=\"clear:both;display:block;\"><\/div><div class=\"ult-just-icon-wrapper  \"><div class=\"align-icon\" style=\"text-align:center;\">\n<div class=\"aio-icon-img \" style=\"font-size:420px;display:inline-block;\" >\n\t<img class=\"img-icon\" alt=\"null\" src=\"https:\/\/avionicausa.com\/wp-content\/uploads\/2020\/08\/pago-2.jpg\"\/>\n<\/div><\/div><\/div><\/div><\/div><\/div><\/div><\/div><\/section>\n","protected":false},"excerpt":{"rendered":"KissimmeeFort Lauderdale Lunes y mi\u00e9rcoles 9am-12pm6pm-9pm Martes y Jueves 9am-12pm6pm-9pm S\u00e1bado 9am\u20134pm Curso Intensivo Lunes \u2013 Viernes 8am-5pm Lunes y Mi\u00e9rcoles 9am-12pm6pm-9pm Martes y Jueves 9am-12pm6pm-9pm S\u00e1bados 9am\u20134pm Nos gustar\u00eda saber sobre su experiencia profesional \u00bfC\u00f3mo se enter\u00f3 de Avionica USA? CraigslistFacebookRadioGoogleInstagramLinkedinYoutubeEventos Acuerdo de acuerdo de pago El costo total de la capacitaci\u00f3n es de...","protected":false},"author":1,"featured_media":0,"parent":0,"menu_order":0,"comment_status":"closed","ping_status":"closed","template":"","meta":[],"aioseo_notices":[],"_links":{"self":[{"href":"https:\/\/avionicausa.com\/es\/wp-json\/wp\/v2\/pages\/1235"}],"collection":[{"href":"https:\/\/avionicausa.com\/es\/wp-json\/wp\/v2\/pages"}],"about":[{"href":"https:\/\/avionicausa.com\/es\/wp-json\/wp\/v2\/types\/page"}],"author":[{"embeddable":true,"href":"https:\/\/avionicausa.com\/es\/wp-json\/wp\/v2\/users\/1"}],"replies":[{"embeddable":true,"href":"https:\/\/avionicausa.com\/es\/wp-json\/wp\/v2\/comments?post=1235"}],"version-history":[{"count":7,"href":"https:\/\/avionicausa.com\/es\/wp-json\/wp\/v2\/pages\/1235\/revisions"}],"predecessor-version":[{"id":4980,"href":"https:\/\/avionicausa.com\/es\/wp-json\/wp\/v2\/pages\/1235\/revisions\/4980"}],"wp:attachment":[{"href":"https:\/\/avionicausa.com\/es\/wp-json\/wp\/v2\/media?parent=1235"}],"curies":[{"name":"wp","href":"https:\/\/api.w.org\/{rel}","templated":true}]}}