{"id":1212,"date":"2020-05-19T02:10:47","date_gmt":"2020-05-19T02:10:47","guid":{"rendered":"http:\/\/avionicausa.com\/?page_id=1212"},"modified":"2020-05-19T02:17:22","modified_gmt":"2020-05-19T02:17:22","slug":"nuestra-mision","status":"publish","type":"page","link":"https:\/\/avionicausa.com\/es\/nuestra-mision\/","title":{"rendered":"NUESTRA MISI\u00d3N"},"content":{"rendered":"<section class=\"l-section wpb_row height_large with_overlay with_shape\" id=\"contenido\"><div class=\"l-section-overlay\" style=\"background: rgba(255,255,255,0.84)\"><\/div><div class=\"l-section-shape type_tilt pos_top hor_flip\"><svg xmlns=\"http:\/\/www.w3.org\/2000\/svg\" viewBox=\"0 0 64 8\" preserveAspectRatio=\"none\" width=\"100%\" height=\"100%\">\r\n\t<path fill=\"currentColor\" d=\"M64 7.9 L64 10 L0 10 L0 0 Z\"\/>\r\n<\/svg><\/div><div class=\"l-section-h i-cf\" style=\"padding-top: 20px !important;\"><div class=\"g-cols vc_row type_default valign_middle\"><div class=\"vc_col-sm-12 wpb_column vc_column_container\"><div class=\"vc_column-inner\"><div class=\"wpb_wrapper\"><div class=\"ult-spacer spacer-69f1906d189a6\" data-id=\"69f1906d189a6\" data-height=\"100\" data-height-mobile=\"70\" data-height-tab=\"\" data-height-tab-portrait=\"\" data-height-mobile-landscape=\"\" style=\"clear:both;display:block;\"><\/div><\/div><\/div><\/div><div class=\"vc_col-sm-6 wpb_column vc_column_container animate_afb\" id=\"quienes\" style=\"animation-delay:0.5s;\"><div class=\"vc_column-inner\"><div class=\"wpb_wrapper\"><div id=\"ultimate-heading-83169f1906d18cb5\" class=\"uvc-heading ult-adjust-bottom-margin ultimate-heading-83169f1906d18cb5 uvc-6588 \" data-hspacer=\"line_only\"  data-halign=\"left\" style=\"text-align:left\"><div class=\"uvc-main-heading ult-responsive\"  data-ultimate-target='.uvc-heading.ultimate-heading-83169f1906d18cb5 h1'  data-responsive-json-new='{\"font-size\":\"desktop:25px;\",\"line-height\":\"\"}' ><h1 style=\"font-weight:normal;color:#999999;\">AVIONICA USA<\/h1><\/div><div class=\"uvc-sub-heading ult-responsive\"  data-ultimate-target='.uvc-heading.ultimate-heading-83169f1906d18cb5 .uvc-sub-heading '  data-responsive-json-new='{\"font-size\":\"desktop:35px;\",\"line-height\":\"\"}'  style=\"font-weight:normal;\">\n<h1 style=\"font-size: 45px;\"><strong>NUESTRA MISI\u00d3N<\/strong><\/h1>\n<\/div><div class=\"uvc-heading-spacer line_only\" style=\"margin-top:5px;margin-bottom:10px;height:3px;\"><span class=\"uvc-headings-line\" style=\"border-style:solid;border-bottom-width:3px;border-color:#2483d0;width:120px;\"><\/span><\/div><\/div><div class=\"w-separator size_medium\"><\/div>\r\n\t<div class=\"wpb_text_column \">\r\n\t\t<div class=\"wpb_wrapper\">\r\n\t\t\t<p>La industria de la aviaci\u00f3n se acerca a nuestra asociaci\u00f3n buscando al personal de avi\u00f3nica capacitado por Avionica USA para trabajar en empresas como T\u00e9cnico de avi\u00f3nica con licencia de la FCC. Nuestro objetivo principal es proporcionar capacitaci\u00f3n a la comunidad de los Estados Unidos, para que puedan satisfacer la necesidad de t\u00e9cnicos de avi\u00f3nica en la aviaci\u00f3n y las industrias relacionadas.<\/p>\n\r\n\t\t<\/div>\r\n\t<\/div>\r\n<\/div><\/div><\/div><div class=\"vc_col-sm-6 wpb_column vc_column_container\" id=\"cajas-images\"><div class=\"vc_column-inner\"><div class=\"wpb_wrapper\"><div class=\"w-image align_none\" id=\"img-1\"><div class=\"w-image-h\"><img width=\"1024\" height=\"768\" src=\"https:\/\/avionicausa.com\/wp-content\/uploads\/2020\/04\/image1-1024x768.jpeg\" class=\"attachment-large size-large\" alt=\"\" decoding=\"async\" loading=\"lazy\" srcset=\"https:\/\/avionicausa.com\/wp-content\/uploads\/2020\/04\/image1-1024x768.jpeg 1024w, https:\/\/avionicausa.com\/wp-content\/uploads\/2020\/04\/image1-300x225.jpeg 300w, https:\/\/avionicausa.com\/wp-content\/uploads\/2020\/04\/image1-1536x1152.jpeg 1536w, https:\/\/avionicausa.com\/wp-content\/uploads\/2020\/04\/image1.jpeg 1600w\" sizes=\"(max-width: 1024px) 100vw, 1024px\" \/><\/div><\/div><\/div><\/div><\/div><\/div><\/div><\/section><section class=\"l-section wpb_row height_auto width_full with_img parallax_ver with_overlay\" id=\"form\"><div class=\"l-section-img\" style=\"background-image: url(https:\/\/avionicausa.com\/wp-content\/uploads\/2020\/03\/land-airplane.jpeg);\" data-img-width=\"1920\" data-img-height=\"1261\"><\/div><div class=\"l-section-overlay\" style=\"background: rgba(26,26,26,0.8)\"><\/div><div class=\"l-section-h i-cf\"><div class=\"g-cols vc_row type_default valign_middle\"><div class=\"vc_col-sm-12 vc_col-lg-offset-2 vc_col-lg-8 wpb_column vc_column_container\"><div class=\"vc_column-inner\"><div class=\"wpb_wrapper\"><div class=\"g-cols wpb_row  type_boxes valign_middle vc_inner \" id=\"back-cont\"><div class=\"vc_col-sm-12 wpb_column vc_column_container\" style=\"color:#ffffff;\"><div class=\"vc_column-inner color_custom\"><div class=\"wpb_wrapper\"><div id=\"ultimate-heading-563069f1906d1b399\" class=\"uvc-heading ult-adjust-bottom-margin ultimate-heading-563069f1906d1b399 uvc-8938 \" data-hspacer=\"line_only\"  data-halign=\"center\" style=\"text-align:center\"><div class=\"uvc-main-heading ult-responsive\"  data-ultimate-target='.uvc-heading.ultimate-heading-563069f1906d1b399 h1'  data-responsive-json-new='{\"font-size\":\"desktop:35px;\",\"line-height\":\"\"}' ><h1 style=\"font-weight:bold;color:#ffffff;\">OPORTUNIDADES DE TRABAJO Y EXPERIENCIA<\/h1><\/div><div class=\"uvc-heading-spacer line_only\" style=\"margin-top:5px;margin-bottom:10px;height:3px;\"><span class=\"uvc-headings-line\" style=\"border-style:solid;border-bottom-width:3px;border-color:#2483d0;width:120px;\"><\/span><\/div><\/div>\r\n\t<div class=\"wpb_text_column \">\r\n\t\t<div class=\"wpb_wrapper\">\r\n\t\t\t<p style=\"text-align: center;\">Los t\u00e9cnicos de avi\u00f3nica instalan, inspeccionan, prueban, ajustan o reparan equipos de avi\u00f3nica como radar, radio, navegaci\u00f3n y sistemas de control de misiles en aeronaves o veh\u00edculos espaciales.<br \/>\n* Nuestra capacitaci\u00f3n incluye capacitaci\u00f3n en colocaci\u00f3n laboral y asistencia para curr\u00edculums.<br \/>\n* Experiencia de entrenamiento en el trabajo (OJT) con nuestra propia estaci\u00f3n de reparaci\u00f3n certificada por la FAA, Avionics NavComm Services.<br \/>\nUn salario promedio por hora de $ 31.41 h por la Oficina de Estad\u00edsticas Laborales de los Estados Unidos.<\/p>\n\r\n\t\t<\/div>\r\n\t<\/div>\r\n<div class=\"w-btn-wrapper width_auto align_center\"><a class=\"w-btn us-btn-style_3\" href=\"https:\/\/www.bls.gov\/oes\/current\/oes492091.htm\" target=\"_blank\" rel=\"noopener\"><span class=\"w-btn-label\">HAGA CLIC AQU\u00cd<\/span><\/a><\/div><\/div><\/div><\/div><\/div><\/div><\/div><\/div><\/div><\/div><\/section><section class=\"l-section wpb_row height_medium\"><div class=\"l-section-h i-cf\" style=\"padding-bottom: 0px !important;\"><div class=\"g-cols vc_row type_default valign_top\"><div class=\"vc_col-sm-12 wpb_column vc_column_container\"><div class=\"vc_column-inner\"><div class=\"wpb_wrapper\"><div id=\"ultimate-heading-374769f1906d1c3d0\" class=\"uvc-heading ult-adjust-bottom-margin ultimate-heading-374769f1906d1c3d0 uvc-7317 \" data-hspacer=\"line_only\"  data-halign=\"center\" style=\"text-align:center\"><div class=\"uvc-main-heading ult-responsive\"  data-ultimate-target='.uvc-heading.ultimate-heading-374769f1906d1c3d0 h1'  data-responsive-json-new='{\"font-size\":\"\",\"line-height\":\"\"}' ><h1 style=\"font-weight:bold;\">NUESTROS ALIADOS<\/h1><\/div><div class=\"uvc-heading-spacer line_only\" style=\"margin-top:5px;margin-bottom:10px;height:3px;\"><span class=\"uvc-headings-line\" style=\"border-style:solid;border-bottom-width:3px;border-color:#ffae00;width:120px;\"><\/span><\/div><\/div><div class=\"ult-spacer spacer-69f1906d1c435\" data-id=\"69f1906d1c435\" data-height=\"40\" data-height-mobile=\"40\" data-height-tab=\"\" data-height-tab-portrait=\"\" data-height-mobile-landscape=\"\" style=\"clear:both;display:block;\"><\/div><div id=\"ult-carousel-85415558869f1906d1c4f0\" class=\"ult-carousel-wrapper  logos ult_horizontal\" data-gutter=\"15\" data-rtl=\"false\" ><div class=\"ult-carousel-154256919469f1906d1c4c6 \" ><div class=\"ult-item-wrap\" data-animation=\"animated no-animation\"><div class=\"w-image align_none\"><div class=\"w-image-h\"><img width=\"600\" height=\"296\" src=\"https:\/\/avionicausa.com\/wp-content\/uploads\/2020\/03\/logo-1.jpg\" class=\"attachment-large size-large\" alt=\"\" decoding=\"async\" loading=\"lazy\" srcset=\"https:\/\/avionicausa.com\/wp-content\/uploads\/2020\/03\/logo-1.jpg 600w, https:\/\/avionicausa.com\/wp-content\/uploads\/2020\/03\/logo-1-300x148.jpg 300w\" sizes=\"(max-width: 600px) 100vw, 600px\" \/><\/div><\/div><\/div><div class=\"ult-item-wrap\" data-animation=\"animated no-animation\"><div class=\"w-image align_none\"><a class=\"w-image-h\" href=\"https:\/\/www.jsfirm.com\/\" target=\"_blank\" rel=\"noopener\"><img width=\"600\" height=\"296\" src=\"https:\/\/avionicausa.com\/wp-content\/uploads\/2020\/03\/logo-2.jpg\" class=\"attachment-large size-large\" alt=\"\" decoding=\"async\" loading=\"lazy\" srcset=\"https:\/\/avionicausa.com\/wp-content\/uploads\/2020\/03\/logo-2.jpg 600w, https:\/\/avionicausa.com\/wp-content\/uploads\/2020\/03\/logo-2-300x148.jpg 300w\" sizes=\"(max-width: 600px) 100vw, 600px\" \/><\/a><\/div><\/div><div class=\"ult-item-wrap\" data-animation=\"animated no-animation\"><div class=\"w-image align_none\"><a class=\"w-image-h\" href=\"https:\/\/www.fcc.gov\/\" target=\"_blank\" rel=\"noopener\"><img width=\"600\" height=\"296\" src=\"https:\/\/avionicausa.com\/wp-content\/uploads\/2020\/03\/logo-3.jpg\" class=\"attachment-large size-large\" alt=\"\" decoding=\"async\" loading=\"lazy\" srcset=\"https:\/\/avionicausa.com\/wp-content\/uploads\/2020\/03\/logo-3.jpg 600w, https:\/\/avionicausa.com\/wp-content\/uploads\/2020\/03\/logo-3-300x148.jpg 300w\" sizes=\"(max-width: 600px) 100vw, 600px\" \/><\/a><\/div><\/div><div class=\"ult-item-wrap\" data-animation=\"animated no-animation\"><div class=\"w-image align_none\"><a class=\"w-image-h\" href=\"https:\/\/careersourceflorida.com\/\" target=\"_blank\" rel=\"noopener\"><img width=\"600\" height=\"296\" src=\"https:\/\/avionicausa.com\/wp-content\/uploads\/2020\/03\/logo-4.jpg\" class=\"attachment-large size-large\" alt=\"\" decoding=\"async\" loading=\"lazy\" srcset=\"https:\/\/avionicausa.com\/wp-content\/uploads\/2020\/03\/logo-4.jpg 600w, https:\/\/avionicausa.com\/wp-content\/uploads\/2020\/03\/logo-4-300x148.jpg 300w\" sizes=\"(max-width: 600px) 100vw, 600px\" \/><\/a><\/div><\/div><div class=\"ult-item-wrap\" data-animation=\"animated no-animation\"><div class=\"w-image align_none\"><a class=\"w-image-h\" href=\"https:\/\/buiquiaerospaceschool.com\/\" target=\"_blank\" rel=\"noopener\"><img width=\"600\" height=\"296\" src=\"https:\/\/avionicausa.com\/wp-content\/uploads\/2020\/03\/logo-5.jpg\" class=\"attachment-large size-large\" alt=\"\" decoding=\"async\" loading=\"lazy\" srcset=\"https:\/\/avionicausa.com\/wp-content\/uploads\/2020\/03\/logo-5.jpg 600w, https:\/\/avionicausa.com\/wp-content\/uploads\/2020\/03\/logo-5-300x148.jpg 300w\" sizes=\"(max-width: 600px) 100vw, 600px\" \/><\/a><\/div><\/div><div class=\"ult-item-wrap\" data-animation=\"animated no-animation\"><div class=\"w-image align_none\"><div class=\"w-image-h\"><img width=\"600\" height=\"296\" src=\"https:\/\/avionicausa.com\/wp-content\/uploads\/2020\/04\/logo-6.jpg\" class=\"attachment-large size-large\" alt=\"\" decoding=\"async\" loading=\"lazy\" srcset=\"https:\/\/avionicausa.com\/wp-content\/uploads\/2020\/04\/logo-6.jpg 600w, https:\/\/avionicausa.com\/wp-content\/uploads\/2020\/04\/logo-6-300x148.jpg 300w\" sizes=\"(max-width: 600px) 100vw, 600px\" \/><\/div><\/div><\/div><div class=\"ult-item-wrap\" data-animation=\"animated no-animation\"><div class=\"w-image align_none\"><a class=\"w-image-h\" href=\"http:\/\/avionicsnavcomm.com\/\" target=\"_blank\" rel=\"noopener\"><img width=\"600\" height=\"296\" src=\"https:\/\/avionicausa.com\/wp-content\/uploads\/2020\/03\/logo-7.jpg\" class=\"attachment-large size-large\" alt=\"\" decoding=\"async\" loading=\"lazy\" srcset=\"https:\/\/avionicausa.com\/wp-content\/uploads\/2020\/03\/logo-7.jpg 600w, https:\/\/avionicausa.com\/wp-content\/uploads\/2020\/03\/logo-7-300x148.jpg 300w\" sizes=\"(max-width: 600px) 100vw, 600px\" \/><\/a><\/div><\/div><div class=\"ult-item-wrap\" data-animation=\"animated no-animation\"><div class=\"w-image align_none\"><a class=\"w-image-h\" href=\"https:\/\/aea.net\/Default.asp\" target=\"_blank\" rel=\"noopener\"><img width=\"600\" height=\"296\" src=\"https:\/\/avionicausa.com\/wp-content\/uploads\/2020\/03\/logo-8.jpg\" class=\"attachment-large size-large\" alt=\"\" decoding=\"async\" loading=\"lazy\" srcset=\"https:\/\/avionicausa.com\/wp-content\/uploads\/2020\/03\/logo-8.jpg 600w, https:\/\/avionicausa.com\/wp-content\/uploads\/2020\/03\/logo-8-300x148.jpg 300w\" sizes=\"(max-width: 600px) 100vw, 600px\" \/><\/a><\/div><\/div><div class=\"ult-item-wrap\" data-animation=\"animated no-animation\"><div class=\"w-image align_none\"><a class=\"w-image-h\" href=\"https:\/\/www.ce.ucf.edu\/Program\/Avionics-Technician-Program\" target=\"_blank\" rel=\"noopener\"><img width=\"600\" height=\"296\" src=\"https:\/\/avionicausa.com\/wp-content\/uploads\/2020\/03\/logo-9.jpg\" class=\"attachment-large size-large\" alt=\"\" decoding=\"async\" loading=\"lazy\" srcset=\"https:\/\/avionicausa.com\/wp-content\/uploads\/2020\/03\/logo-9.jpg 600w, https:\/\/avionicausa.com\/wp-content\/uploads\/2020\/03\/logo-9-300x148.jpg 300w\" sizes=\"(max-width: 600px) 100vw, 600px\" \/><\/a><\/div><\/div><\/div><\/div>\t\t\t<script type=\"text\/javascript\">\r\n\t\t\t\tjQuery(document).ready(function ($) {\r\n\t\t\t\t\tif( typeof jQuery('.ult-carousel-154256919469f1906d1c4c6').slick == \"function\"){\r\n\t\t\t\t\t\t$('.ult-carousel-154256919469f1906d1c4c6').slick({dots: true,autoplay: true,autoplaySpeed: 5000,speed: 300,infinite: true,arrows: true,nextArrow: '<button type=\"button\" role=\"button\" aria-label=\"Next\" style=\"color:#333333; font-size:20px;\" class=\"slick-next default\"><i class=\"ultsl-arrow-right4\"><\/i><\/button>',prevArrow: '<button type=\"button\" role=\"button\" aria-label=\"Previous\" style=\"color:#333333; font-size:20px;\" class=\"slick-prev default\"><i class=\"ultsl-arrow-left4\"><\/i><\/button>',slidesToScroll:5,slidesToShow:5,swipe: true,draggable: true,touchMove: true,pauseOnHover: true,pauseOnFocus: false,responsive: [\r\n\t\t\t\t\t\t\t{\r\n\t\t\t\t\t\t\t  breakpoint: 1026,\r\n\t\t\t\t\t\t\t  settings: {\r\n\t\t\t\t\t\t\t\tslidesToShow: 5,\r\n\t\t\t\t\t\t\t\tslidesToScroll: 5,  \r\n\t\t\t\t\t\t\t  }\r\n\t\t\t\t\t\t\t},\r\n\t\t\t\t\t\t\t{\r\n\t\t\t\t\t\t\t  breakpoint: 1025,\r\n\t\t\t\t\t\t\t  settings: {\r\n\t\t\t\t\t\t\t\tslidesToShow: 3,\r\n\t\t\t\t\t\t\t\tslidesToScroll: 3\r\n\t\t\t\t\t\t\t  }\r\n\t\t\t\t\t\t\t},\r\n\t\t\t\t\t\t\t{\r\n\t\t\t\t\t\t\t  breakpoint: 760,\r\n\t\t\t\t\t\t\t  settings: {\r\n\t\t\t\t\t\t\t\tslidesToShow: 1,\r\n\t\t\t\t\t\t\t\tslidesToScroll: 1\r\n\t\t\t\t\t\t\t  }\r\n\t\t\t\t\t\t\t}\r\n\t\t\t\t\t\t],pauseOnDotsHover: true,customPaging: function(slider, i) {\r\n                   return '<i type=\"button\" style= \"color:#333333;\" class=\"ultsl-record\" data-role=\"none\"><\/i>';\r\n                },});\r\n\t\t\t\t\t}\r\n\t\t\t\t});\r\n\t\t\t<\/script>\r\n\t\t\t<\/div><\/div><\/div><\/div><\/div><\/section>\n","protected":false},"excerpt":{"rendered":"AVIONICA USA NUESTRA MISI\u00d3N La industria de la aviaci\u00f3n se acerca a nuestra asociaci\u00f3n buscando al personal de avi\u00f3nica capacitado por Avionica USA para trabajar en empresas como T\u00e9cnico de avi\u00f3nica con licencia de la FCC. Nuestro objetivo principal es proporcionar capacitaci\u00f3n a la comunidad de los Estados Unidos, para que puedan satisfacer la necesidad...","protected":false},"author":1,"featured_media":0,"parent":0,"menu_order":0,"comment_status":"closed","ping_status":"closed","template":"","meta":[],"aioseo_notices":[],"_links":{"self":[{"href":"https:\/\/avionicausa.com\/es\/wp-json\/wp\/v2\/pages\/1212"}],"collection":[{"href":"https:\/\/avionicausa.com\/es\/wp-json\/wp\/v2\/pages"}],"about":[{"href":"https:\/\/avionicausa.com\/es\/wp-json\/wp\/v2\/types\/page"}],"author":[{"embeddable":true,"href":"https:\/\/avionicausa.com\/es\/wp-json\/wp\/v2\/users\/1"}],"replies":[{"embeddable":true,"href":"https:\/\/avionicausa.com\/es\/wp-json\/wp\/v2\/comments?post=1212"}],"version-history":[{"count":3,"href":"https:\/\/avionicausa.com\/es\/wp-json\/wp\/v2\/pages\/1212\/revisions"}],"predecessor-version":[{"id":1214,"href":"https:\/\/avionicausa.com\/es\/wp-json\/wp\/v2\/pages\/1212\/revisions\/1214"}],"wp:attachment":[{"href":"https:\/\/avionicausa.com\/es\/wp-json\/wp\/v2\/media?parent=1212"}],"curies":[{"name":"wp","href":"https:\/\/api.w.org\/{rel}","templated":true}]}}