{"id":1197,"date":"2020-05-18T23:19:43","date_gmt":"2020-05-18T23:19:43","guid":{"rendered":"http:\/\/avionicausa.com\/?page_id=1197"},"modified":"2026-03-25T17:41:53","modified_gmt":"2026-03-25T17:41:53","slug":"avionics-jobs","status":"publish","type":"page","link":"https:\/\/avionicausa.com\/es\/avionics-jobs\/","title":{"rendered":"EMPLEOS DE AVIONICA"},"content":{"rendered":"<section class=\"l-section wpb_row height_medium\" id=\"form\"><div class=\"l-section-h i-cf\"><div class=\"g-cols vc_row type_default valign_top\"><div class=\"vc_col-sm-12 vc_col-lg-offset-2 vc_col-lg-8 wpb_column vc_column_container\"><div class=\"vc_column-inner\"><div class=\"wpb_wrapper\"><div class=\"g-cols wpb_row  type_default valign_top vc_inner \"><div class=\"vc_col-sm-12 wpb_column vc_column_container\" style=\"color:#ffffff;\"><div class=\"vc_column-inner color_custom\"><div class=\"wpb_wrapper\">\r\n\t<div class=\"wpb_text_column \">\r\n\t\t<div class=\"wpb_wrapper\">\r\n\t\t\t<h3 style=\"text-align: center;\"><strong>REG\u00cdSTRESE EN NUESTRA LISTA DE CORREO<\/strong><\/h3>\n\r\n\t\t<\/div>\r\n\t<\/div>\r\n\n<div class=\"wpcf7 no-js\" id=\"wpcf7-f1191-o1\" lang=\"en-US\" dir=\"ltr\">\n<div class=\"screen-reader-response\"><p role=\"status\" aria-live=\"polite\" aria-atomic=\"true\"><\/p> <ul><\/ul><\/div>\n<form action=\"\/es\/wp-json\/wp\/v2\/pages\/1197#wpcf7-f1191-o1\" method=\"post\" class=\"wpcf7-form init\" aria-label=\"Contact form\" novalidate=\"novalidate\" data-status=\"init\">\n<div style=\"display: none;\">\n<input type=\"hidden\" name=\"_wpcf7\" value=\"1191\" \/>\n<input type=\"hidden\" name=\"_wpcf7_version\" value=\"5.7.7\" \/>\n<input type=\"hidden\" name=\"_wpcf7_locale\" value=\"en_US\" \/>\n<input type=\"hidden\" name=\"_wpcf7_unit_tag\" value=\"wpcf7-f1191-o1\" \/>\n<input type=\"hidden\" name=\"_wpcf7_container_post\" value=\"0\" \/>\n<input type=\"hidden\" name=\"_wpcf7_posted_data_hash\" value=\"\" \/>\n<input type=\"hidden\" name=\"_wpcf7_recaptcha_response\" value=\"\" \/>\n<\/div>\n<div id=\"responsive-form\" class=\"clearfix\">\n\t<div class=\"form-row\">\n\t\t<div class=\"column-tres\">\n\t\t\t<p><span class=\"wpcf7-form-control-wrap\" data-name=\"first-name\"><input size=\"40\" class=\"wpcf7-form-control wpcf7-text wpcf7-validates-as-required\" aria-required=\"true\" aria-invalid=\"false\" placeholder=\"Nombre y Apellido\" value=\"\" type=\"text\" name=\"first-name\" \/><\/span>\n\t\t\t<\/p>\n\t\t<\/div>\n\t\t<div class=\"column-tres\">\n\t\t\t<p><span class=\"wpcf7-form-control-wrap\" data-name=\"tel-phone\"><input size=\"40\" class=\"wpcf7-form-control wpcf7-text wpcf7-tel wpcf7-validates-as-required wpcf7-validates-as-tel\" aria-required=\"true\" aria-invalid=\"false\" placeholder=\"Tel\u00e9fono\" value=\"\" type=\"tel\" name=\"tel-phone\" \/><\/span>\n\t\t\t<\/p>\n\t\t<\/div>\n\t\t<div class=\"column-tres\">\n\t\t\t<p><span class=\"wpcf7-form-control-wrap\" data-name=\"your-email\"><input size=\"40\" class=\"wpcf7-form-control wpcf7-text wpcf7-email wpcf7-validates-as-required wpcf7-validates-as-email\" aria-required=\"true\" aria-invalid=\"false\" placeholder=\"Email\" value=\"\" type=\"email\" name=\"your-email\" \/><\/span>\n\t\t\t<\/p>\n\t\t<\/div>\n\t<\/div>\n\t<div class=\"form-row\">\n\t\t<div class=\"column-full\">\n\t\t\t<p>\u00bfc\u00f3mo se enteraron?<span class=\"wpcf7-form-control-wrap\" data-name=\"menu-enteraron\"><select class=\"wpcf7-form-control wpcf7-select wpcf7-validates-as-required\" aria-required=\"true\" aria-invalid=\"false\" name=\"menu-enteraron\"><option value=\"Facebook\">Facebook<\/option><option value=\"Instagram\">Instagram<\/option><option value=\"Google\">Google<\/option><option value=\"Tiktok\">Tiktok<\/option><option value=\"YouTube\">YouTube<\/option><option value=\"LinkedIn\">LinkedIn<\/option><option value=\"Friend\">Friend<\/option><option value=\"Event.\">Event.<\/option><\/select><\/span>\n\t\t\t<\/p>\n\t\t<\/div>\n\t<\/div>\n\t<div class=\"form-row\">\n\t\t<div class=\"column-full\">\n\t\t\t<p><input class=\"wpcf7-form-control has-spinner wpcf7-submit\" type=\"submit\" value=\"ENVIAR\" \/>\n\t\t\t<\/p>\n\t\t<\/div>\n\t<\/div>\n<\/div><!--end responsive-form--><div class=\"wpcf7-response-output\" aria-hidden=\"true\"><\/div>\n<\/form>\n<\/div>\n<\/div><\/div><\/div><\/div><\/div><\/div><\/div><\/div><\/div><\/section><section class=\"l-section wpb_row height_medium\"><div class=\"l-section-h i-cf\"><div class=\"g-cols vc_row type_default valign_top\"><div class=\"vc_col-sm-7 wpb_column vc_column_container has-fill\"><div class=\"vc_column-inner  vc_custom_1587056365612\"><div class=\"wpb_wrapper\"><div class=\"ult-just-icon-wrapper  \"><div class=\"align-icon\" style=\"text-align:center;\">\n<div class=\"aio-icon-img \" style=\"font-size:280px;display:inline-block;\" >\n\t<img class=\"img-icon\" alt=\"null\" src=\"https:\/\/avionicausa.com\/wp-content\/uploads\/2020\/03\/Powered-By-GREEN-300x103-1.png\"\/>\n<\/div><\/div><\/div>\r\n\t<div class=\"wpb_text_column \">\r\n\t\t<div class=\"wpb_wrapper\">\r\n\t\t\t<h1 class=\"entry-title\" style=\"text-align: center;\"><strong>TRABAJOS DE AVIONICA<\/strong><\/h1>\n\r\n\t\t<\/div>\r\n\t<\/div>\r\n[vc_raw_html]JTVCd3AtcnNzLWFnZ3JlZ2F0b3IlMjBmZWVkcyUzRCUyMmpzZmlybSUyMiU1RA==[\/vc_raw_html]<\/div><\/div><\/div><div class=\"vc_col-sm-5 wpb_column vc_column_container\"><div class=\"vc_column-inner\"><div class=\"wpb_wrapper\">\r\n\t<div class=\"wpb_text_column \">\r\n\t\t<div class=\"wpb_wrapper\">\r\n\t\t\t<h3 class=\"entry-title\" style=\"text-align: center;\"><strong>Comprobaci\u00f3n de habilidades de avi\u00f3nica Desarrollado por JSfirm y Avionica USA:<\/strong><\/h3>\n\r\n\t\t<\/div>\r\n\t<\/div>\r\n<div class=\"w-image align_center\"><a class=\"w-image-h\" href=\"https:\/\/jsfirm.com\/quiz\/quiztake.aspx?qid=7\" target=\"_blank\" rel=\"noopener\"><img width=\"960\" height=\"960\" src=\"https:\/\/avionicausa.com\/wp-content\/uploads\/2026\/03\/texto-espanol-1.png\" class=\"attachment-large size-large\" alt=\"\" decoding=\"async\" loading=\"lazy\" srcset=\"https:\/\/avionicausa.com\/wp-content\/uploads\/2026\/03\/texto-espanol-1.png 960w, https:\/\/avionicausa.com\/wp-content\/uploads\/2026\/03\/texto-espanol-1-300x300.png 300w, https:\/\/avionicausa.com\/wp-content\/uploads\/2026\/03\/texto-espanol-1-150x150.png 150w\" sizes=\"(max-width: 960px) 100vw, 960px\" \/><\/a><\/div><div class=\"ult-spacer spacer-69f19061aa93c\" data-id=\"69f19061aa93c\" data-height=\"25\" data-height-mobile=\"25\" data-height-tab=\"25\" data-height-tab-portrait=\"\" data-height-mobile-landscape=\"\" style=\"clear:both;display:block;\"><\/div><div class=\"w-btn-wrapper width_full\"><a class=\"w-btn us-btn-style_1\" href=\"https:\/\/jsfirm.com\/quiz\/quiztake.aspx?qid=7\" target=\"_blank\" rel=\"noopener\"><span class=\"w-btn-label\">COMPROBACI\u00d3N DE HABILIDAD<\/span><\/a><\/div><\/div><\/div><\/div><\/div><\/div><\/section>\n","protected":false},"excerpt":{"rendered":"REG\u00cdSTRESE EN NUESTRA LISTA DE CORREO \u00bfc\u00f3mo se enteraron?FacebookInstagramGoogleTiktokYouTubeLinkedInFriendEvent. TRABAJOS DE AVIONICA [vc_raw_html]JTVCd3AtcnNzLWFnZ3JlZ2F0b3IlMjBmZWVkcyUzRCUyMmpzZmlybSUyMiU1RA==[\/vc_raw_html] Comprobaci\u00f3n de habilidades de avi\u00f3nica Desarrollado por JSfirm y Avionica USA: COMPROBACI\u00d3N DE HABILIDAD","protected":false},"author":1,"featured_media":0,"parent":0,"menu_order":0,"comment_status":"closed","ping_status":"closed","template":"","meta":[],"aioseo_notices":[],"_links":{"self":[{"href":"https:\/\/avionicausa.com\/es\/wp-json\/wp\/v2\/pages\/1197"}],"collection":[{"href":"https:\/\/avionicausa.com\/es\/wp-json\/wp\/v2\/pages"}],"about":[{"href":"https:\/\/avionicausa.com\/es\/wp-json\/wp\/v2\/types\/page"}],"author":[{"embeddable":true,"href":"https:\/\/avionicausa.com\/es\/wp-json\/wp\/v2\/users\/1"}],"replies":[{"embeddable":true,"href":"https:\/\/avionicausa.com\/es\/wp-json\/wp\/v2\/comments?post=1197"}],"version-history":[{"count":6,"href":"https:\/\/avionicausa.com\/es\/wp-json\/wp\/v2\/pages\/1197\/revisions"}],"predecessor-version":[{"id":434736,"href":"https:\/\/avionicausa.com\/es\/wp-json\/wp\/v2\/pages\/1197\/revisions\/434736"}],"wp:attachment":[{"href":"https:\/\/avionicausa.com\/es\/wp-json\/wp\/v2\/media?parent=1197"}],"curies":[{"name":"wp","href":"https:\/\/api.w.org\/{rel}","templated":true}]}}