{"id":1188,"date":"2020-05-18T22:13:00","date_gmt":"2020-05-18T22:13:00","guid":{"rendered":"http:\/\/avionicausa.com\/?page_id=1188"},"modified":"2022-04-04T13:23:54","modified_gmt":"2022-04-04T13:23:54","slug":"about-us-2","status":"publish","type":"page","link":"https:\/\/avionicausa.com\/es\/about-us-2\/","title":{"rendered":"Sobre nosotros"},"content":{"rendered":"<section class=\"l-section wpb_row height_large with_overlay with_shape\" id=\"contenido\"><div class=\"l-section-overlay\" style=\"background: rgba(255,255,255,0.84)\"><\/div><div class=\"l-section-shape type_tilt pos_top hor_flip\"><svg xmlns=\"http:\/\/www.w3.org\/2000\/svg\" viewBox=\"0 0 64 8\" preserveAspectRatio=\"none\" width=\"100%\" height=\"100%\">\r\n\t<path fill=\"currentColor\" d=\"M64 7.9 L64 10 L0 10 L0 0 Z\"\/>\r\n<\/svg><\/div><div class=\"l-section-h i-cf\" style=\"padding-top: 20px !important;\"><div class=\"g-cols vc_row type_default valign_middle\"><div class=\"vc_col-sm-12 wpb_column vc_column_container\"><div class=\"vc_column-inner\"><div class=\"wpb_wrapper\"><div class=\"ult-spacer spacer-69f1896e7f9d3\" data-id=\"69f1896e7f9d3\" data-height=\"100\" data-height-mobile=\"70\" data-height-tab=\"\" data-height-tab-portrait=\"\" data-height-mobile-landscape=\"\" style=\"clear:both;display:block;\"><\/div><\/div><\/div><\/div><div class=\"vc_col-sm-6 wpb_column vc_column_container animate_afb\" id=\"quienes\" style=\"animation-delay:0.5s;\"><div class=\"vc_column-inner\"><div class=\"wpb_wrapper\"><div id=\"ultimate-heading-985569f1896e7fc1f\" class=\"uvc-heading ult-adjust-bottom-margin ultimate-heading-985569f1896e7fc1f uvc-6371 \" data-hspacer=\"line_only\"  data-halign=\"left\" style=\"text-align:left\"><div class=\"uvc-main-heading ult-responsive\"  data-ultimate-target='.uvc-heading.ultimate-heading-985569f1896e7fc1f h1'  data-responsive-json-new='{\"font-size\":\"desktop:25px;\",\"line-height\":\"\"}' ><h1 style=\"font-weight:normal;color:#999999;\">SOBRE<\/h1><\/div><div class=\"uvc-sub-heading ult-responsive\"  data-ultimate-target='.uvc-heading.ultimate-heading-985569f1896e7fc1f .uvc-sub-heading '  data-responsive-json-new='{\"font-size\":\"desktop:35px;\",\"line-height\":\"\"}'  style=\"font-weight:normal;\">\n<h1 style=\"font-size: 45px;\"><strong>AVIONICA USA<\/strong><\/h1>\n<\/div><div class=\"uvc-heading-spacer line_only\" style=\"margin-top:5px;margin-bottom:10px;height:3px;\"><span class=\"uvc-headings-line\" style=\"border-style:solid;border-bottom-width:3px;border-color:#2483d0;width:120px;\"><\/span><\/div><\/div><div class=\"w-separator size_medium\"><\/div>\r\n\t<div class=\"wpb_text_column \">\r\n\t\t<div class=\"wpb_wrapper\">\r\n\t\t\t<p>Somos un grupo de profesionales en el campo de la nueva generaci\u00f3n de tecnolog\u00eda aeron\u00e1utica conocido como Asociaci\u00f3n de T\u00e9cnicos de Avi\u00f3nica de Orlando, Inc. Tambi\u00e9n conocido como Avionica USA. Desde 1991, contamos con experiencia en el campo militar, comercial, civil, corporativo y deportivo. Nuestros recursos provienen de Boeing, la Fuerza A\u00e9rea de los Estados Unidos <strong>(USAF)<\/strong>, la Marina de los Estados Unidos <strong>(USN)<\/strong>, la Guardia Nacional de Puerto Rico <strong>(PRNG)<\/strong>, Eastern Airlines y la NASA. Nos hemos organizado bajo las leyes de Florida, con el compromiso de reunir a profesionales en el campo de la electr\u00f3nica de aviaci\u00f3n. Capacitamos a nuestros socios en la nueva tecnolog\u00eda y desarrollamos nuevos talentos que ayudan en la b\u00fasqueda de nuevas y mejores oportunidades de empleo.<\/p>\n<p>Desde 2017, la divisi\u00f3n de educaci\u00f3n continua de la Universidad de Florida Central <strong>(UCF)<\/strong> se ha asociado con Avionica USA para proporcionar el \u00fanico Programa de T\u00e9cnico de Avi\u00f3nica <strong>(ATP)<\/strong> en la industria de la aviaci\u00f3n y aeroespacial para crear los T\u00e9cnicos de avi\u00f3nica de hoy y de pr\u00f3xima generaci\u00f3n.<\/p>\n<p>Nuestro Programa de Capacitaci\u00f3n en Avi\u00f3nica se basa en la teor\u00eda y pr\u00e1ctica con respecto a la lectura e interpretaci\u00f3n de planos \/ diagramas, fabricaci\u00f3n de mazos de cables, resoluci\u00f3n de problemas, instalaciones, electr\u00f3nica b\u00e1sica, fibra \u00f3ptica b\u00e1sica, pruebas y afines que los T\u00e9cnicos de Avi\u00f3nica realizan en el campo de la industria de la aviaci\u00f3n. Como parte de nuestra capacitaci\u00f3n, incluimos las pruebas y licencias de la Comisi\u00f3n Federal de Comunicaciones (FCC).<\/p>\n\r\n\t\t<\/div>\r\n\t<\/div>\r\n<\/div><\/div><\/div><div class=\"vc_col-sm-6 wpb_column vc_column_container\" id=\"cajas-images\"><div class=\"vc_column-inner\"><div class=\"wpb_wrapper\"><div class=\"w-image align_none\" id=\"img-1\"><div class=\"w-image-h\"><img width=\"1024\" height=\"807\" src=\"https:\/\/avionicausa.com\/wp-content\/uploads\/2020\/03\/section-1024x807.jpg\" class=\"attachment-large size-large\" alt=\"\" decoding=\"async\" loading=\"lazy\" srcset=\"https:\/\/avionicausa.com\/wp-content\/uploads\/2020\/03\/section-1024x807.jpg 1024w, https:\/\/avionicausa.com\/wp-content\/uploads\/2020\/03\/section-300x237.jpg 300w, https:\/\/avionicausa.com\/wp-content\/uploads\/2020\/03\/section-1536x1211.jpg 1536w, https:\/\/avionicausa.com\/wp-content\/uploads\/2020\/03\/section.jpg 1920w\" sizes=\"(max-width: 1024px) 100vw, 1024px\" \/><\/div><\/div><\/div><\/div><\/div><\/div><\/div><\/section><section class=\"l-section wpb_row height_auto width_full with_img parallax_ver with_overlay\" id=\"form\"><div class=\"l-section-img\" style=\"background-image: url(https:\/\/avionicausa.com\/wp-content\/uploads\/2020\/03\/land-airplane.jpeg);\" data-img-width=\"1920\" data-img-height=\"1261\"><\/div><div class=\"l-section-overlay\" style=\"background: rgba(26,26,26,0.8)\"><\/div><div class=\"l-section-h i-cf\"><div class=\"g-cols vc_row type_default valign_middle\"><div class=\"vc_col-sm-6 wpb_column vc_column_container\"><div class=\"vc_column-inner\"><div class=\"wpb_wrapper\"><div class=\"g-cols wpb_row  type_boxes valign_top vc_inner \"><div class=\"vc_col-sm-12 wpb_column vc_column_container\" style=\"color:#ffffff;\"><div class=\"vc_column-inner color_custom\"><div class=\"wpb_wrapper\">\r\n\t<div class=\"wpb_text_column \">\r\n\t\t<div class=\"wpb_wrapper\">\r\n\t\t\t<h3 style=\"text-align: center;\"><strong>REG\u00cdSTRESE EN NUESTRA LISTA DE CORREO<\/strong><\/h3>\n\r\n\t\t<\/div>\r\n\t<\/div>\r\n\n<div class=\"wpcf7 no-js\" id=\"wpcf7-f1191-o1\" lang=\"en-US\" dir=\"ltr\">\n<div class=\"screen-reader-response\"><p role=\"status\" aria-live=\"polite\" aria-atomic=\"true\"><\/p> <ul><\/ul><\/div>\n<form action=\"\/es\/wp-json\/wp\/v2\/pages\/1188#wpcf7-f1191-o1\" method=\"post\" class=\"wpcf7-form init\" aria-label=\"Contact form\" novalidate=\"novalidate\" data-status=\"init\">\n<div style=\"display: none;\">\n<input type=\"hidden\" name=\"_wpcf7\" value=\"1191\" \/>\n<input type=\"hidden\" name=\"_wpcf7_version\" value=\"5.7.7\" \/>\n<input type=\"hidden\" name=\"_wpcf7_locale\" value=\"en_US\" \/>\n<input type=\"hidden\" name=\"_wpcf7_unit_tag\" value=\"wpcf7-f1191-o1\" \/>\n<input type=\"hidden\" name=\"_wpcf7_container_post\" value=\"0\" \/>\n<input type=\"hidden\" name=\"_wpcf7_posted_data_hash\" value=\"\" \/>\n<input type=\"hidden\" name=\"_wpcf7_recaptcha_response\" value=\"\" \/>\n<\/div>\n<div id=\"responsive-form\" class=\"clearfix\">\n\t<div class=\"form-row\">\n\t\t<div class=\"column-tres\">\n\t\t\t<p><span class=\"wpcf7-form-control-wrap\" data-name=\"first-name\"><input size=\"40\" class=\"wpcf7-form-control wpcf7-text wpcf7-validates-as-required\" aria-required=\"true\" aria-invalid=\"false\" placeholder=\"Nombre y Apellido\" value=\"\" type=\"text\" name=\"first-name\" \/><\/span>\n\t\t\t<\/p>\n\t\t<\/div>\n\t\t<div class=\"column-tres\">\n\t\t\t<p><span class=\"wpcf7-form-control-wrap\" data-name=\"tel-phone\"><input size=\"40\" class=\"wpcf7-form-control wpcf7-text wpcf7-tel wpcf7-validates-as-required wpcf7-validates-as-tel\" aria-required=\"true\" aria-invalid=\"false\" placeholder=\"Tel\u00e9fono\" value=\"\" type=\"tel\" name=\"tel-phone\" \/><\/span>\n\t\t\t<\/p>\n\t\t<\/div>\n\t\t<div class=\"column-tres\">\n\t\t\t<p><span class=\"wpcf7-form-control-wrap\" data-name=\"your-email\"><input size=\"40\" class=\"wpcf7-form-control wpcf7-text wpcf7-email wpcf7-validates-as-required wpcf7-validates-as-email\" aria-required=\"true\" aria-invalid=\"false\" placeholder=\"Email\" value=\"\" type=\"email\" name=\"your-email\" \/><\/span>\n\t\t\t<\/p>\n\t\t<\/div>\n\t<\/div>\n\t<div class=\"form-row\">\n\t\t<div class=\"column-full\">\n\t\t\t<p>\u00bfc\u00f3mo se enteraron?<span class=\"wpcf7-form-control-wrap\" data-name=\"menu-enteraron\"><select class=\"wpcf7-form-control wpcf7-select wpcf7-validates-as-required\" aria-required=\"true\" aria-invalid=\"false\" name=\"menu-enteraron\"><option value=\"Facebook\">Facebook<\/option><option value=\"Instagram\">Instagram<\/option><option value=\"Google\">Google<\/option><option value=\"Tiktok\">Tiktok<\/option><option value=\"YouTube\">YouTube<\/option><option value=\"LinkedIn\">LinkedIn<\/option><option value=\"Friend\">Friend<\/option><option value=\"Event.\">Event.<\/option><\/select><\/span>\n\t\t\t<\/p>\n\t\t<\/div>\n\t<\/div>\n\t<div class=\"form-row\">\n\t\t<div class=\"column-full\">\n\t\t\t<p><input class=\"wpcf7-form-control has-spinner wpcf7-submit\" type=\"submit\" value=\"ENVIAR\" \/>\n\t\t\t<\/p>\n\t\t<\/div>\n\t<\/div>\n<\/div><!--end responsive-form--><div class=\"wpcf7-response-output\" aria-hidden=\"true\"><\/div>\n<\/form>\n<\/div>\n<\/div><\/div><\/div><\/div><\/div><\/div><\/div><div class=\"vc_col-sm-6 wpb_column vc_column_container\"><div class=\"vc_column-inner\"><div class=\"wpb_wrapper\"><div class=\"g-cols wpb_row  type_boxes valign_middle vc_inner \" id=\"back-cont\"><div class=\"vc_col-sm-12 wpb_column vc_column_container\" style=\"color:#ffffff;\"><div class=\"vc_column-inner color_custom\"><div class=\"wpb_wrapper\"><div id=\"ultimate-heading-456469f1896e8cdf8\" class=\"uvc-heading ult-adjust-bottom-margin ultimate-heading-456469f1896e8cdf8 uvc-2640 \" data-hspacer=\"line_only\"  data-halign=\"left\" style=\"text-align:left\"><div class=\"uvc-main-heading ult-responsive\"  data-ultimate-target='.uvc-heading.ultimate-heading-456469f1896e8cdf8 h1'  data-responsive-json-new='{\"font-size\":\"desktop:35px;\",\"line-height\":\"\"}' ><h1 style=\"font-weight:bold;color:#ffffff;\">DIVISI\u00d3N DE EDUCACI\u00d3N CONTINUA<\/h1><\/div><div class=\"uvc-heading-spacer line_only\" style=\"margin-top:5px;margin-bottom:10px;height:3px;\"><span class=\"uvc-headings-line\" style=\"border-style:solid;border-bottom-width:3px;border-color:#2483d0;width:120px;\"><\/span><\/div><\/div>\r\n\t<div class=\"wpb_text_column \">\r\n\t\t<div class=\"wpb_wrapper\">\r\n\t\t\t<p>En 2016, Avionica se asoci\u00f3 con la Divisi\u00f3n de Educaci\u00f3n Continua de la Universidad de Florida Central para ofrecer un programa de capacitaci\u00f3n de t\u00e9cnicos de avi\u00f3nica de tres meses a partir de enero de 2017. Los graduados est\u00e1n preparados para trabajar en la industria de la aviaci\u00f3n y satisfacer la necesidad urgente de equipar a los aviones con la tecnolog\u00eda necesaria para cumplir con los \u00faltimos requisitos de la Administraci\u00f3n Federal de Aviaci\u00f3n (FAA).<\/p>\n\r\n\t\t<\/div>\r\n\t<\/div>\r\n<div class=\"ult-just-icon-wrapper  \"><div class=\"align-icon\" style=\"text-align:left;\">\n<a class=\"aio-tooltip 69f1896e8d13c\" href=\"https:\/\/www.ce.ucf.edu\/Program\/Avionics-Technician-Program\" target=\"_blank\" rel=\"noopener\"  data-toggle=\"tooltip\" data-placement=\"\"><div class=\"aio-icon-img \" style=\"font-size:280px;\" >\n\t<img class=\"img-icon\" alt=\"null\" src=\"https:\/\/avionicausa.com\/wp-content\/uploads\/2020\/03\/UCF-Inpartnership.png\"\/>\n<\/div><\/a><\/div><\/div><\/div><\/div><\/div><\/div><\/div><\/div><\/div><\/div><\/div><\/section>\n","protected":false},"excerpt":{"rendered":"SOBRE AVIONICA USA Somos un grupo de profesionales en el campo de la nueva generaci\u00f3n de tecnolog\u00eda aeron\u00e1utica conocido como Asociaci\u00f3n de T\u00e9cnicos de Avi\u00f3nica de Orlando, Inc. Tambi\u00e9n conocido como Avionica USA. Desde 1991, contamos con experiencia en el campo militar, comercial, civil, corporativo y deportivo. Nuestros recursos provienen de Boeing, la Fuerza A\u00e9rea...","protected":false},"author":1,"featured_media":0,"parent":0,"menu_order":0,"comment_status":"closed","ping_status":"closed","template":"","meta":[],"aioseo_notices":[],"_links":{"self":[{"href":"https:\/\/avionicausa.com\/es\/wp-json\/wp\/v2\/pages\/1188"}],"collection":[{"href":"https:\/\/avionicausa.com\/es\/wp-json\/wp\/v2\/pages"}],"about":[{"href":"https:\/\/avionicausa.com\/es\/wp-json\/wp\/v2\/types\/page"}],"author":[{"embeddable":true,"href":"https:\/\/avionicausa.com\/es\/wp-json\/wp\/v2\/users\/1"}],"replies":[{"embeddable":true,"href":"https:\/\/avionicausa.com\/es\/wp-json\/wp\/v2\/comments?post=1188"}],"version-history":[{"count":5,"href":"https:\/\/avionicausa.com\/es\/wp-json\/wp\/v2\/pages\/1188\/revisions"}],"predecessor-version":[{"id":5516,"href":"https:\/\/avionicausa.com\/es\/wp-json\/wp\/v2\/pages\/1188\/revisions\/5516"}],"wp:attachment":[{"href":"https:\/\/avionicausa.com\/es\/wp-json\/wp\/v2\/media?parent=1188"}],"curies":[{"name":"wp","href":"https:\/\/api.w.org\/{rel}","templated":true}]}}